{"id":8,"date":"2024-10-30T10:16:12","date_gmt":"2024-10-30T10:16:12","guid":{"rendered":"https:\/\/ungureanu.md\/?page_id=8"},"modified":"2026-02-02T10:14:50","modified_gmt":"2026-02-02T08:14:50","slug":"home-page","status":"publish","type":"page","link":"https:\/\/ungureanu.md\/ru\/","title":{"rendered":"Dr. Ungureanu"},"content":{"rendered":"<p>\u0421\u0442\u043e\u043c\u0430\u0442\u043e\u043b\u043e\u0433\u0438\u0447\u0435\u0441\u043a\u0430\u044f \u043a\u043b\u0438\u043d\u0438\u043a\u0430 <strong>Dr. Ungureanu<\/strong> din Chi\u0219in\u0103u ofer\u0103 tratamente moderne \u0219i sigure pentru un z\u00e2mbet s\u0103n\u0103tos \u0219i str\u0103lucitor. Echipa noastr\u0103 de medici profesioni\u0219ti combin\u0103 experien\u021ba cu tehnologia de ultim\u0103 genera\u021bie pentru a asigura confortul \u0219i satisfac\u021bia fiec\u0103rui pacient. De la profilaxie la estetic\u0103 dentar\u0103, la <strong>Dr. Ungureanu<\/strong> prime\u0219ti \u00eengrijire personalizat\u0103 \u00eentr-un mediu prietenos \u0219i modern.<\/p>","protected":false},"excerpt":{"rendered":"<p>Clinica stomatologic\u0103 Dr. Ungureanu din Chi\u0219in\u0103u ofer\u0103 tratamente moderne \u0219i sigure pentru un z\u00e2mbet s\u0103n\u0103tos \u0219i str\u0103lucitor. Echipa noastr\u0103 de medici profesioni\u0219ti combin\u0103 experien\u021ba cu tehnologia de ultim\u0103 genera\u021bie pentru a asigura confortul \u0219i satisfac\u021bia fiec\u0103rui pacient. De la profilaxie la estetic\u0103 dentar\u0103, la Dr. Ungureanu prime\u0219ti \u00eengrijire personalizat\u0103 \u00eentr-un mediu prietenos \u0219i modern.<\/p>","protected":false},"author":1,"featured_media":1108,"parent":0,"menu_order":0,"comment_status":"closed","ping_status":"closed","template":"templates\/home.php","meta":{"_acf_changed":false,"footnotes":""},"class_list":["post-8","page","type-page","status-publish","format-standard","has-post-thumbnail","hentry"],"acf":[],"yoast_head":"<!-- This site is optimized with the Yoast SEO plugin v26.3 - https:\/\/yoast.com\/wordpress\/plugins\/seo\/ -->\n<title>Dr. Ungureanu - Dr. Ungureanu<\/title>\n<meta name=\"description\" content=\"Dr. Ungureanu ofer\u0103 \u00eengrijire dentar\u0103 modern\u0103 \u0219i atent\u0103, cu tehnologie de ultim\u0103 genera\u021bie, pentru un z\u00e2mbet s\u0103n\u0103tos \u0219i \u00eencrez\u0103tor.\" \/>\n<meta name=\"robots\" content=\"index, follow, max-snippet:-1, max-image-preview:large, max-video-preview:-1\" \/>\n<link rel=\"canonical\" href=\"https:\/\/ungureanu.md\/ru\/\" \/>\n<meta property=\"og:locale\" content=\"ru_RU\" \/>\n<meta property=\"og:type\" content=\"article\" \/>\n<meta property=\"og:title\" content=\"Dr. Ungureanu - Dr. Ungureanu\" \/>\n<meta property=\"og:description\" content=\"Dr. Ungureanu ofer\u0103 \u00eengrijire dentar\u0103 modern\u0103 \u0219i atent\u0103, cu tehnologie de ultim\u0103 genera\u021bie, pentru un z\u00e2mbet s\u0103n\u0103tos \u0219i \u00eencrez\u0103tor.\" \/>\n<meta property=\"og:url\" content=\"https:\/\/ungureanu.md\/ru\/\" \/>\n<meta property=\"og:site_name\" content=\"Dr. Ungureanu\" \/>\n<meta property=\"article:publisher\" content=\"https:\/\/www.facebook.com\/ClinicaStomatolodicaDr.Ungureanu\" \/>\n<meta property=\"article:modified_time\" content=\"2026-02-02T08:14:50+00:00\" \/>\n<meta property=\"og:image\" content=\"https:\/\/ungureanu.md\/wp-content\/uploads\/2025\/10\/dr-ungureanu.jpg\" \/>\n\t<meta property=\"og:image:width\" content=\"1200\" \/>\n\t<meta property=\"og:image:height\" content=\"630\" \/>\n\t<meta property=\"og:image:type\" content=\"image\/jpeg\" \/>\n<meta name=\"twitter:card\" content=\"summary_large_image\" \/>\n<meta name=\"twitter:label1\" content=\"\u041f\u0440\u0438\u043c\u0435\u0440\u043d\u043e\u0435 \u0432\u0440\u0435\u043c\u044f \u0434\u043b\u044f \u0447\u0442\u0435\u043d\u0438\u044f\" \/>\n\t<meta name=\"twitter:data1\" content=\"1 \u043c\u0438\u043d\u0443\u0442\u0430\" \/>\n<script type=\"application\/ld+json\" class=\"yoast-schema-graph\">{\"@context\":\"https:\/\/schema.org\",\"@graph\":[{\"@type\":\"WebPage\",\"@id\":\"https:\/\/ungureanu.md\/\",\"url\":\"https:\/\/ungureanu.md\/\",\"name\":\"Dr. Ungureanu - Dr. Ungureanu\",\"isPartOf\":{\"@id\":\"https:\/\/ungureanu.md\/#website\"},\"primaryImageOfPage\":{\"@id\":\"https:\/\/ungureanu.md\/#primaryimage\"},\"image\":{\"@id\":\"https:\/\/ungureanu.md\/#primaryimage\"},\"thumbnailUrl\":\"https:\/\/ungureanu.md\/wp-content\/uploads\/2025\/10\/dr-ungureanu.jpg\",\"datePublished\":\"2024-10-30T10:16:12+00:00\",\"dateModified\":\"2026-02-02T08:14:50+00:00\",\"description\":\"Dr. Ungureanu ofer\u0103 \u00eengrijire dentar\u0103 modern\u0103 \u0219i atent\u0103, cu tehnologie de ultim\u0103 genera\u021bie, pentru un z\u00e2mbet s\u0103n\u0103tos \u0219i \u00eencrez\u0103tor.\",\"breadcrumb\":{\"@id\":\"https:\/\/ungureanu.md\/#breadcrumb\"},\"inLanguage\":\"ru-RU\",\"potentialAction\":[{\"@type\":\"ReadAction\",\"target\":[\"https:\/\/ungureanu.md\/\"]}]},{\"@type\":\"ImageObject\",\"inLanguage\":\"ru-RU\",\"@id\":\"https:\/\/ungureanu.md\/#primaryimage\",\"url\":\"https:\/\/ungureanu.md\/wp-content\/uploads\/2025\/10\/dr-ungureanu.jpg\",\"contentUrl\":\"https:\/\/ungureanu.md\/wp-content\/uploads\/2025\/10\/dr-ungureanu.jpg\",\"width\":1200,\"height\":630},{\"@type\":\"BreadcrumbList\",\"@id\":\"https:\/\/ungureanu.md\/#breadcrumb\",\"itemListElement\":[{\"@type\":\"ListItem\",\"position\":1,\"name\":\"Home\",\"item\":\"https:\/\/ungureanu.md\/\"},{\"@type\":\"ListItem\",\"position\":2,\"name\":\"Dr. Ungureanu\"}]},{\"@type\":\"WebSite\",\"@id\":\"https:\/\/ungureanu.md\/#website\",\"url\":\"https:\/\/ungureanu.md\/\",\"name\":\"Dr. Ungureanu\",\"description\":\"Clinic\u0103 Stomatologic\u0103 \u00een Chi\u0219in\u0103u\",\"publisher\":{\"@id\":\"https:\/\/ungureanu.md\/#organization\"},\"potentialAction\":[{\"@type\":\"SearchAction\",\"target\":{\"@type\":\"EntryPoint\",\"urlTemplate\":\"https:\/\/ungureanu.md\/?s={search_term_string}\"},\"query-input\":{\"@type\":\"PropertyValueSpecification\",\"valueRequired\":true,\"valueName\":\"search_term_string\"}}],\"inLanguage\":\"ru-RU\"},{\"@type\":\"Organization\",\"@id\":\"https:\/\/ungureanu.md\/#organization\",\"name\":\"Dr. Ungureanu\",\"url\":\"https:\/\/ungureanu.md\/\",\"logo\":{\"@type\":\"ImageObject\",\"inLanguage\":\"ru-RU\",\"@id\":\"https:\/\/ungureanu.md\/#\/schema\/logo\/image\/\",\"url\":\"https:\/\/ungureanu.md\/wp-content\/uploads\/2025\/11\/dr-ungureanu-logo.png\",\"contentUrl\":\"https:\/\/ungureanu.md\/wp-content\/uploads\/2025\/11\/dr-ungureanu-logo.png\",\"width\":900,\"height\":204,\"caption\":\"Dr. Ungureanu\"},\"image\":{\"@id\":\"https:\/\/ungureanu.md\/#\/schema\/logo\/image\/\"},\"sameAs\":[\"https:\/\/www.facebook.com\/ClinicaStomatolodicaDr.Ungureanu\",\"https:\/\/www.instagram.com\/doctorungureanu.md\/\",\"https:\/\/www.tiktok.com\/@doctorungureanu.md\"]}]}<\/script>\n<!-- \/ Yoast SEO plugin. -->","yoast_head_json":{"title":"Dr. Ungureanu - Dr. Ungureanu","description":"\u0414\u043e\u043a\u0442\u043e\u0440 \u0423\u043d\u0433\u0443\u0440\u044f\u043d\u0443 \u043f\u0440\u0435\u0434\u043b\u0430\u0433\u0430\u0435\u0442 \u0441\u043e\u0432\u0440\u0435\u043c\u0435\u043d\u043d\u043e\u0435 \u0438 \u0432\u043d\u0438\u043c\u0430\u0442\u0435\u043b\u044c\u043d\u043e\u0435 \u0441\u0442\u043e\u043c\u0430\u0442\u043e\u043b\u043e\u0433\u0438\u0447\u0435\u0441\u043a\u043e\u0435 \u043e\u0431\u0441\u043b\u0443\u0436\u0438\u0432\u0430\u043d\u0438\u0435 \u0441 \u0438\u0441\u043f\u043e\u043b\u044c\u0437\u043e\u0432\u0430\u043d\u0438\u0435\u043c \u043d\u043e\u0432\u0435\u0439\u0448\u0438\u0445 \u0442\u0435\u0445\u043d\u043e\u043b\u043e\u0433\u0438\u0439 \u0434\u043b\u044f \u0437\u0434\u043e\u0440\u043e\u0432\u043e\u0439 \u0438 \u0443\u0432\u0435\u0440\u0435\u043d\u043d\u043e\u0439 \u0443\u043b\u044b\u0431\u043a\u0438.","robots":{"index":"index","follow":"follow","max-snippet":"max-snippet:-1","max-image-preview":"max-image-preview:large","max-video-preview":"max-video-preview:-1"},"canonical":"https:\/\/ungureanu.md\/ru\/","og_locale":"ru_RU","og_type":"article","og_title":"Dr. Ungureanu - Dr. Ungureanu","og_description":"Dr. Ungureanu ofer\u0103 \u00eengrijire dentar\u0103 modern\u0103 \u0219i atent\u0103, cu tehnologie de ultim\u0103 genera\u021bie, pentru un z\u00e2mbet s\u0103n\u0103tos \u0219i \u00eencrez\u0103tor.","og_url":"https:\/\/ungureanu.md\/ru\/","og_site_name":"Dr. Ungureanu","article_publisher":"https:\/\/www.facebook.com\/ClinicaStomatolodicaDr.Ungureanu","article_modified_time":"2026-02-02T08:14:50+00:00","og_image":[{"width":1200,"height":630,"url":"https:\/\/ungureanu.md\/wp-content\/uploads\/2025\/10\/dr-ungureanu.jpg","type":"image\/jpeg"}],"twitter_card":"summary_large_image","twitter_misc":{"\u041f\u0440\u0438\u043c\u0435\u0440\u043d\u043e\u0435 \u0432\u0440\u0435\u043c\u044f \u0434\u043b\u044f \u0447\u0442\u0435\u043d\u0438\u044f":"1 \u043c\u0438\u043d\u0443\u0442\u0430"},"schema":{"@context":"https:\/\/schema.org","@graph":[{"@type":"WebPage","@id":"https:\/\/ungureanu.md\/","url":"https:\/\/ungureanu.md\/","name":"Dr. Ungureanu - Dr. Ungureanu","isPartOf":{"@id":"https:\/\/ungureanu.md\/#website"},"primaryImageOfPage":{"@id":"https:\/\/ungureanu.md\/#primaryimage"},"image":{"@id":"https:\/\/ungureanu.md\/#primaryimage"},"thumbnailUrl":"https:\/\/ungureanu.md\/wp-content\/uploads\/2025\/10\/dr-ungureanu.jpg","datePublished":"2024-10-30T10:16:12+00:00","dateModified":"2026-02-02T08:14:50+00:00","description":"\u0414\u043e\u043a\u0442\u043e\u0440 \u0423\u043d\u0433\u0443\u0440\u044f\u043d\u0443 \u043f\u0440\u0435\u0434\u043b\u0430\u0433\u0430\u0435\u0442 \u0441\u043e\u0432\u0440\u0435\u043c\u0435\u043d\u043d\u043e\u0435 \u0438 \u0432\u043d\u0438\u043c\u0430\u0442\u0435\u043b\u044c\u043d\u043e\u0435 \u0441\u0442\u043e\u043c\u0430\u0442\u043e\u043b\u043e\u0433\u0438\u0447\u0435\u0441\u043a\u043e\u0435 \u043e\u0431\u0441\u043b\u0443\u0436\u0438\u0432\u0430\u043d\u0438\u0435 \u0441 \u0438\u0441\u043f\u043e\u043b\u044c\u0437\u043e\u0432\u0430\u043d\u0438\u0435\u043c \u043d\u043e\u0432\u0435\u0439\u0448\u0438\u0445 \u0442\u0435\u0445\u043d\u043e\u043b\u043e\u0433\u0438\u0439 \u0434\u043b\u044f \u0437\u0434\u043e\u0440\u043e\u0432\u043e\u0439 \u0438 \u0443\u0432\u0435\u0440\u0435\u043d\u043d\u043e\u0439 \u0443\u043b\u044b\u0431\u043a\u0438.","breadcrumb":{"@id":"https:\/\/ungureanu.md\/#breadcrumb"},"inLanguage":"ru-RU","potentialAction":[{"@type":"ReadAction","target":["https:\/\/ungureanu.md\/"]}]},{"@type":"ImageObject","inLanguage":"ru-RU","@id":"https:\/\/ungureanu.md\/#primaryimage","url":"https:\/\/ungureanu.md\/wp-content\/uploads\/2025\/10\/dr-ungureanu.jpg","contentUrl":"https:\/\/ungureanu.md\/wp-content\/uploads\/2025\/10\/dr-ungureanu.jpg","width":1200,"height":630},{"@type":"BreadcrumbList","@id":"https:\/\/ungureanu.md\/#breadcrumb","itemListElement":[{"@type":"ListItem","position":1,"name":"Home","item":"https:\/\/ungureanu.md\/"},{"@type":"ListItem","position":2,"name":"Dr. Ungureanu"}]},{"@type":"WebSite","@id":"https:\/\/ungureanu.md\/#website","url":"https:\/\/ungureanu.md\/","name":"Dr. Ungureanu","description":"Clinic\u0103 Stomatologic\u0103 \u00een Chi\u0219in\u0103u","publisher":{"@id":"https:\/\/ungureanu.md\/#organization"},"potentialAction":[{"@type":"SearchAction","target":{"@type":"EntryPoint","urlTemplate":"https:\/\/ungureanu.md\/?s={search_term_string}"},"query-input":{"@type":"PropertyValueSpecification","valueRequired":true,"valueName":"search_term_string"}}],"inLanguage":"ru-RU"},{"@type":"Organization","@id":"https:\/\/ungureanu.md\/#organization","name":"Dr. Ungureanu","url":"https:\/\/ungureanu.md\/","logo":{"@type":"ImageObject","inLanguage":"ru-RU","@id":"https:\/\/ungureanu.md\/#\/schema\/logo\/image\/","url":"https:\/\/ungureanu.md\/wp-content\/uploads\/2025\/11\/dr-ungureanu-logo.png","contentUrl":"https:\/\/ungureanu.md\/wp-content\/uploads\/2025\/11\/dr-ungureanu-logo.png","width":900,"height":204,"caption":"Dr. Ungureanu"},"image":{"@id":"https:\/\/ungureanu.md\/#\/schema\/logo\/image\/"},"sameAs":["https:\/\/www.facebook.com\/ClinicaStomatolodicaDr.Ungureanu","https:\/\/www.instagram.com\/doctorungureanu.md\/","https:\/\/www.tiktok.com\/@doctorungureanu.md"]}]}},"_links":{"self":[{"href":"https:\/\/ungureanu.md\/ru\/wp-json\/wp\/v2\/pages\/8","targetHints":{"allow":["GET"]}}],"collection":[{"href":"https:\/\/ungureanu.md\/ru\/wp-json\/wp\/v2\/pages"}],"about":[{"href":"https:\/\/ungureanu.md\/ru\/wp-json\/wp\/v2\/types\/page"}],"author":[{"embeddable":true,"href":"https:\/\/ungureanu.md\/ru\/wp-json\/wp\/v2\/users\/1"}],"replies":[{"embeddable":true,"href":"https:\/\/ungureanu.md\/ru\/wp-json\/wp\/v2\/comments?post=8"}],"version-history":[{"count":88,"href":"https:\/\/ungureanu.md\/ru\/wp-json\/wp\/v2\/pages\/8\/revisions"}],"predecessor-version":[{"id":1481,"href":"https:\/\/ungureanu.md\/ru\/wp-json\/wp\/v2\/pages\/8\/revisions\/1481"}],"wp:featuredmedia":[{"embeddable":true,"href":"https:\/\/ungureanu.md\/ru\/wp-json\/wp\/v2\/media\/1108"}],"wp:attachment":[{"href":"https:\/\/ungureanu.md\/ru\/wp-json\/wp\/v2\/media?parent=8"}],"curies":[{"name":"wp","href":"https:\/\/api.w.org\/{rel}","templated":true}]}}