{"id":420,"date":"2024-11-12T12:51:32","date_gmt":"2024-11-12T12:51:32","guid":{"rendered":"https:\/\/ungureanu.md\/?page_id=420"},"modified":"2025-10-24T09:56:08","modified_gmt":"2025-10-24T07:56:08","slug":"servicii","status":"publish","type":"page","link":"https:\/\/ungureanu.md\/ru\/servicii\/","title":{"rendered":"\u0423\u0441\u043b\u0443\u0433\u0438"},"content":{"rendered":"<p>La <strong>Dr. Ungureanu<\/strong>, oferim o gam\u0103 complet\u0103 de servicii stomatologice \u2014 de la profilaxie \u0219i tratamente terapeutice, p\u00e2n\u0103 la implanturi \u0219i estetic\u0103 dentar\u0103. Fiecare serviciu este realizat cu aten\u021bie, profesionalism \u0219i tehnologii moderne, pentru rezultate sigure \u0219i durabile. Ne dedic\u0103m s\u0103 red\u0103m fiec\u0103rui pacient \u00eencrederea \u00een propriul z\u00e2mbet prin solu\u021bii personalizate \u0219i tratamente f\u0103r\u0103 durere.<\/p>","protected":false},"excerpt":{"rendered":"<p>La Dr. Ungureanu, oferim o gam\u0103 complet\u0103 de servicii stomatologice \u2014 de la profilaxie \u0219i tratamente terapeutice, p\u00e2n\u0103 la implanturi \u0219i estetic\u0103 dentar\u0103. Fiecare serviciu este realizat cu aten\u021bie, profesionalism \u0219i tehnologii moderne, pentru rezultate sigure \u0219i durabile. Ne dedic\u0103m s\u0103 red\u0103m fiec\u0103rui pacient \u00eencrederea \u00een propriul z\u00e2mbet prin solu\u021bii personalizate \u0219i tratamente f\u0103r\u0103 durere.<\/p>","protected":false},"author":1,"featured_media":1108,"parent":0,"menu_order":0,"comment_status":"closed","ping_status":"closed","template":"templates\/services.php","meta":{"_acf_changed":false,"footnotes":""},"class_list":["post-420","page","type-page","status-publish","format-standard","has-post-thumbnail","hentry"],"acf":[],"yoast_head":"<!-- This site is optimized with the Yoast SEO plugin v26.3 - https:\/\/yoast.com\/wordpress\/plugins\/seo\/ -->\n<title>Servicii - Dr. Ungureanu<\/title>\n<meta name=\"description\" content=\"Oferim o gam\u0103 complet\u0103 de servicii stomatologice - de la profilaxie \u0219i tratamente terapeutice, p\u00e2n\u0103 la implanturi \u0219i estetic\u0103 dentar\u0103.\" \/>\n<meta name=\"robots\" content=\"index, follow, max-snippet:-1, max-image-preview:large, max-video-preview:-1\" \/>\n<link rel=\"canonical\" href=\"https:\/\/ungureanu.md\/ru\/servicii\/\" \/>\n<meta property=\"og:locale\" content=\"ru_RU\" \/>\n<meta property=\"og:type\" content=\"article\" \/>\n<meta property=\"og:title\" content=\"Servicii - Dr. Ungureanu\" \/>\n<meta property=\"og:description\" content=\"Oferim o gam\u0103 complet\u0103 de servicii stomatologice - de la profilaxie \u0219i tratamente terapeutice, p\u00e2n\u0103 la implanturi \u0219i estetic\u0103 dentar\u0103.\" \/>\n<meta property=\"og:url\" content=\"https:\/\/ungureanu.md\/ru\/servicii\/\" \/>\n<meta property=\"og:site_name\" content=\"Dr. Ungureanu\" \/>\n<meta property=\"article:publisher\" content=\"https:\/\/www.facebook.com\/ClinicaStomatolodicaDr.Ungureanu\" \/>\n<meta property=\"article:modified_time\" content=\"2025-10-24T07:56:08+00:00\" \/>\n<meta property=\"og:image\" content=\"https:\/\/ungureanu.md\/wp-content\/uploads\/2025\/10\/dr-ungureanu.jpg\" \/>\n\t<meta property=\"og:image:width\" content=\"1200\" \/>\n\t<meta property=\"og:image:height\" content=\"630\" \/>\n\t<meta property=\"og:image:type\" content=\"image\/jpeg\" \/>\n<meta name=\"twitter:card\" content=\"summary_large_image\" \/>\n<meta name=\"twitter:label1\" content=\"\u041f\u0440\u0438\u043c\u0435\u0440\u043d\u043e\u0435 \u0432\u0440\u0435\u043c\u044f \u0434\u043b\u044f \u0447\u0442\u0435\u043d\u0438\u044f\" \/>\n\t<meta name=\"twitter:data1\" content=\"1 \u043c\u0438\u043d\u0443\u0442\u0430\" \/>\n<script type=\"application\/ld+json\" class=\"yoast-schema-graph\">{\"@context\":\"https:\/\/schema.org\",\"@graph\":[{\"@type\":\"WebPage\",\"@id\":\"https:\/\/ungureanu.md\/servicii\/\",\"url\":\"https:\/\/ungureanu.md\/servicii\/\",\"name\":\"Servicii - Dr. Ungureanu\",\"isPartOf\":{\"@id\":\"https:\/\/ungureanu.md\/#website\"},\"primaryImageOfPage\":{\"@id\":\"https:\/\/ungureanu.md\/servicii\/#primaryimage\"},\"image\":{\"@id\":\"https:\/\/ungureanu.md\/servicii\/#primaryimage\"},\"thumbnailUrl\":\"https:\/\/ungureanu.md\/wp-content\/uploads\/2025\/10\/dr-ungureanu.jpg\",\"datePublished\":\"2024-11-12T12:51:32+00:00\",\"dateModified\":\"2025-10-24T07:56:08+00:00\",\"description\":\"Oferim o gam\u0103 complet\u0103 de servicii stomatologice - de la profilaxie \u0219i tratamente terapeutice, p\u00e2n\u0103 la implanturi \u0219i estetic\u0103 dentar\u0103.\",\"breadcrumb\":{\"@id\":\"https:\/\/ungureanu.md\/servicii\/#breadcrumb\"},\"inLanguage\":\"ru-RU\",\"potentialAction\":[{\"@type\":\"ReadAction\",\"target\":[\"https:\/\/ungureanu.md\/servicii\/\"]}]},{\"@type\":\"ImageObject\",\"inLanguage\":\"ru-RU\",\"@id\":\"https:\/\/ungureanu.md\/servicii\/#primaryimage\",\"url\":\"https:\/\/ungureanu.md\/wp-content\/uploads\/2025\/10\/dr-ungureanu.jpg\",\"contentUrl\":\"https:\/\/ungureanu.md\/wp-content\/uploads\/2025\/10\/dr-ungureanu.jpg\",\"width\":1200,\"height\":630},{\"@type\":\"BreadcrumbList\",\"@id\":\"https:\/\/ungureanu.md\/servicii\/#breadcrumb\",\"itemListElement\":[{\"@type\":\"ListItem\",\"position\":1,\"name\":\"Home\",\"item\":\"https:\/\/ungureanu.md\/\"},{\"@type\":\"ListItem\",\"position\":2,\"name\":\"Servicii\"}]},{\"@type\":\"WebSite\",\"@id\":\"https:\/\/ungureanu.md\/#website\",\"url\":\"https:\/\/ungureanu.md\/\",\"name\":\"Dr. Ungureanu\",\"description\":\"Clinic\u0103 Stomatologic\u0103 \u00een Chi\u0219in\u0103u\",\"publisher\":{\"@id\":\"https:\/\/ungureanu.md\/#organization\"},\"potentialAction\":[{\"@type\":\"SearchAction\",\"target\":{\"@type\":\"EntryPoint\",\"urlTemplate\":\"https:\/\/ungureanu.md\/?s={search_term_string}\"},\"query-input\":{\"@type\":\"PropertyValueSpecification\",\"valueRequired\":true,\"valueName\":\"search_term_string\"}}],\"inLanguage\":\"ru-RU\"},{\"@type\":\"Organization\",\"@id\":\"https:\/\/ungureanu.md\/#organization\",\"name\":\"Dr. Ungureanu\",\"url\":\"https:\/\/ungureanu.md\/\",\"logo\":{\"@type\":\"ImageObject\",\"inLanguage\":\"ru-RU\",\"@id\":\"https:\/\/ungureanu.md\/#\/schema\/logo\/image\/\",\"url\":\"https:\/\/ungureanu.md\/wp-content\/uploads\/2025\/11\/dr-ungureanu-logo.png\",\"contentUrl\":\"https:\/\/ungureanu.md\/wp-content\/uploads\/2025\/11\/dr-ungureanu-logo.png\",\"width\":900,\"height\":204,\"caption\":\"Dr. Ungureanu\"},\"image\":{\"@id\":\"https:\/\/ungureanu.md\/#\/schema\/logo\/image\/\"},\"sameAs\":[\"https:\/\/www.facebook.com\/ClinicaStomatolodicaDr.Ungureanu\",\"https:\/\/www.instagram.com\/doctorungureanu.md\/\",\"https:\/\/www.tiktok.com\/@doctorungureanu.md\"]}]}<\/script>\n<!-- \/ Yoast SEO plugin. -->","yoast_head_json":{"title":"Servicii - Dr. Ungureanu","description":"Oferim o gam\u0103 complet\u0103 de servicii stomatologice - de la profilaxie \u0219i tratamente terapeutice, p\u00e2n\u0103 la implanturi \u0219i estetic\u0103 dentar\u0103.","robots":{"index":"index","follow":"follow","max-snippet":"max-snippet:-1","max-image-preview":"max-image-preview:large","max-video-preview":"max-video-preview:-1"},"canonical":"https:\/\/ungureanu.md\/ru\/servicii\/","og_locale":"ru_RU","og_type":"article","og_title":"Servicii - Dr. Ungureanu","og_description":"Oferim o gam\u0103 complet\u0103 de servicii stomatologice - de la profilaxie \u0219i tratamente terapeutice, p\u00e2n\u0103 la implanturi \u0219i estetic\u0103 dentar\u0103.","og_url":"https:\/\/ungureanu.md\/ru\/servicii\/","og_site_name":"Dr. Ungureanu","article_publisher":"https:\/\/www.facebook.com\/ClinicaStomatolodicaDr.Ungureanu","article_modified_time":"2025-10-24T07:56:08+00:00","og_image":[{"width":1200,"height":630,"url":"https:\/\/ungureanu.md\/wp-content\/uploads\/2025\/10\/dr-ungureanu.jpg","type":"image\/jpeg"}],"twitter_card":"summary_large_image","twitter_misc":{"\u041f\u0440\u0438\u043c\u0435\u0440\u043d\u043e\u0435 \u0432\u0440\u0435\u043c\u044f \u0434\u043b\u044f \u0447\u0442\u0435\u043d\u0438\u044f":"1 \u043c\u0438\u043d\u0443\u0442\u0430"},"schema":{"@context":"https:\/\/schema.org","@graph":[{"@type":"WebPage","@id":"https:\/\/ungureanu.md\/servicii\/","url":"https:\/\/ungureanu.md\/servicii\/","name":"Servicii - Dr. Ungureanu","isPartOf":{"@id":"https:\/\/ungureanu.md\/#website"},"primaryImageOfPage":{"@id":"https:\/\/ungureanu.md\/servicii\/#primaryimage"},"image":{"@id":"https:\/\/ungureanu.md\/servicii\/#primaryimage"},"thumbnailUrl":"https:\/\/ungureanu.md\/wp-content\/uploads\/2025\/10\/dr-ungureanu.jpg","datePublished":"2024-11-12T12:51:32+00:00","dateModified":"2025-10-24T07:56:08+00:00","description":"Oferim o gam\u0103 complet\u0103 de servicii stomatologice - de la profilaxie \u0219i tratamente terapeutice, p\u00e2n\u0103 la implanturi \u0219i estetic\u0103 dentar\u0103.","breadcrumb":{"@id":"https:\/\/ungureanu.md\/servicii\/#breadcrumb"},"inLanguage":"ru-RU","potentialAction":[{"@type":"ReadAction","target":["https:\/\/ungureanu.md\/servicii\/"]}]},{"@type":"ImageObject","inLanguage":"ru-RU","@id":"https:\/\/ungureanu.md\/servicii\/#primaryimage","url":"https:\/\/ungureanu.md\/wp-content\/uploads\/2025\/10\/dr-ungureanu.jpg","contentUrl":"https:\/\/ungureanu.md\/wp-content\/uploads\/2025\/10\/dr-ungureanu.jpg","width":1200,"height":630},{"@type":"BreadcrumbList","@id":"https:\/\/ungureanu.md\/servicii\/#breadcrumb","itemListElement":[{"@type":"ListItem","position":1,"name":"Home","item":"https:\/\/ungureanu.md\/"},{"@type":"ListItem","position":2,"name":"Servicii"}]},{"@type":"WebSite","@id":"https:\/\/ungureanu.md\/#website","url":"https:\/\/ungureanu.md\/","name":"Dr. Ungureanu","description":"Clinic\u0103 Stomatologic\u0103 \u00een Chi\u0219in\u0103u","publisher":{"@id":"https:\/\/ungureanu.md\/#organization"},"potentialAction":[{"@type":"SearchAction","target":{"@type":"EntryPoint","urlTemplate":"https:\/\/ungureanu.md\/?s={search_term_string}"},"query-input":{"@type":"PropertyValueSpecification","valueRequired":true,"valueName":"search_term_string"}}],"inLanguage":"ru-RU"},{"@type":"Organization","@id":"https:\/\/ungureanu.md\/#organization","name":"Dr. Ungureanu","url":"https:\/\/ungureanu.md\/","logo":{"@type":"ImageObject","inLanguage":"ru-RU","@id":"https:\/\/ungureanu.md\/#\/schema\/logo\/image\/","url":"https:\/\/ungureanu.md\/wp-content\/uploads\/2025\/11\/dr-ungureanu-logo.png","contentUrl":"https:\/\/ungureanu.md\/wp-content\/uploads\/2025\/11\/dr-ungureanu-logo.png","width":900,"height":204,"caption":"Dr. Ungureanu"},"image":{"@id":"https:\/\/ungureanu.md\/#\/schema\/logo\/image\/"},"sameAs":["https:\/\/www.facebook.com\/ClinicaStomatolodicaDr.Ungureanu","https:\/\/www.instagram.com\/doctorungureanu.md\/","https:\/\/www.tiktok.com\/@doctorungureanu.md"]}]}},"_links":{"self":[{"href":"https:\/\/ungureanu.md\/ru\/wp-json\/wp\/v2\/pages\/420","targetHints":{"allow":["GET"]}}],"collection":[{"href":"https:\/\/ungureanu.md\/ru\/wp-json\/wp\/v2\/pages"}],"about":[{"href":"https:\/\/ungureanu.md\/ru\/wp-json\/wp\/v2\/types\/page"}],"author":[{"embeddable":true,"href":"https:\/\/ungureanu.md\/ru\/wp-json\/wp\/v2\/users\/1"}],"replies":[{"embeddable":true,"href":"https:\/\/ungureanu.md\/ru\/wp-json\/wp\/v2\/comments?post=420"}],"version-history":[{"count":2,"href":"https:\/\/ungureanu.md\/ru\/wp-json\/wp\/v2\/pages\/420\/revisions"}],"predecessor-version":[{"id":1113,"href":"https:\/\/ungureanu.md\/ru\/wp-json\/wp\/v2\/pages\/420\/revisions\/1113"}],"wp:featuredmedia":[{"embeddable":true,"href":"https:\/\/ungureanu.md\/ru\/wp-json\/wp\/v2\/media\/1108"}],"wp:attachment":[{"href":"https:\/\/ungureanu.md\/ru\/wp-json\/wp\/v2\/media?parent=420"}],"curies":[{"name":"wp","href":"https:\/\/api.w.org\/{rel}","templated":true}]}}