{"id":1178,"date":"2025-10-30T15:26:02","date_gmt":"2025-10-30T13:26:02","guid":{"rendered":"https:\/\/ungureanu.md\/?page_id=1178"},"modified":"2025-11-12T15:48:38","modified_gmt":"2025-11-12T13:48:38","slug":"estetica-dentara","status":"publish","type":"page","link":"https:\/\/ungureanu.md\/ru\/estetica-dentara\/","title":{"rendered":"\u042d\u0441\u0442\u0435\u0442\u0438\u043a\u0430 \u0437\u0443\u0431\u043e\u0432"},"content":{"rendered":"","protected":false},"excerpt":{"rendered":"","protected":false},"author":1,"featured_media":0,"parent":0,"menu_order":0,"comment_status":"closed","ping_status":"closed","template":"templates\/estetica-dentara.php","meta":{"_acf_changed":false,"footnotes":""},"class_list":["post-1178","page","type-page","status-publish","format-standard","hentry"],"acf":[],"yoast_head":"<!-- This site is optimized with the Yoast SEO plugin v26.3 - https:\/\/yoast.com\/wordpress\/plugins\/seo\/ -->\n<title>Estetic\u0103 dentar\u0103 - Dr. Ungureanu<\/title>\n<meta name=\"description\" content=\"Estetica dentar\u0103 \u00ee\u021bi ofer\u0103 solu\u021bii personalizate pentru din\u021bi mai albi, armonio\u0219i \u0219i un z\u00e2mbet care inspir\u0103 \u00eencredere.\" \/>\n<meta name=\"robots\" content=\"index, follow, max-snippet:-1, max-image-preview:large, max-video-preview:-1\" \/>\n<link rel=\"canonical\" href=\"https:\/\/ungureanu.md\/ru\/estetica-dentara\/\" \/>\n<meta property=\"og:locale\" content=\"ru_RU\" \/>\n<meta property=\"og:type\" content=\"article\" \/>\n<meta property=\"og:title\" content=\"Estetic\u0103 dentar\u0103 - Dr. Ungureanu\" \/>\n<meta property=\"og:description\" content=\"Estetica dentar\u0103 \u00ee\u021bi ofer\u0103 solu\u021bii personalizate pentru din\u021bi mai albi, armonio\u0219i \u0219i un z\u00e2mbet care inspir\u0103 \u00eencredere.\" \/>\n<meta property=\"og:url\" content=\"https:\/\/ungureanu.md\/ru\/estetica-dentara\/\" \/>\n<meta property=\"og:site_name\" content=\"Dr. Ungureanu\" \/>\n<meta property=\"article:publisher\" content=\"https:\/\/www.facebook.com\/ClinicaStomatolodicaDr.Ungureanu\" \/>\n<meta property=\"article:modified_time\" content=\"2025-11-12T13:48:38+00:00\" \/>\n<meta property=\"og:image\" content=\"https:\/\/ungureanu.md\/wp-content\/uploads\/2025\/10\/dr-ungureanu.jpg\" \/>\n\t<meta property=\"og:image:width\" content=\"1200\" \/>\n\t<meta property=\"og:image:height\" content=\"630\" \/>\n\t<meta property=\"og:image:type\" content=\"image\/jpeg\" \/>\n<meta name=\"twitter:card\" content=\"summary_large_image\" \/>\n<script type=\"application\/ld+json\" class=\"yoast-schema-graph\">{\"@context\":\"https:\/\/schema.org\",\"@graph\":[{\"@type\":\"WebPage\",\"@id\":\"https:\/\/ungureanu.md\/estetica-dentara\/\",\"url\":\"https:\/\/ungureanu.md\/estetica-dentara\/\",\"name\":\"Estetic\u0103 dentar\u0103 - Dr. Ungureanu\",\"isPartOf\":{\"@id\":\"https:\/\/ungureanu.md\/#website\"},\"datePublished\":\"2025-10-30T13:26:02+00:00\",\"dateModified\":\"2025-11-12T13:48:38+00:00\",\"description\":\"Estetica dentar\u0103 \u00ee\u021bi ofer\u0103 solu\u021bii personalizate pentru din\u021bi mai albi, armonio\u0219i \u0219i un z\u00e2mbet care inspir\u0103 \u00eencredere.\",\"breadcrumb\":{\"@id\":\"https:\/\/ungureanu.md\/estetica-dentara\/#breadcrumb\"},\"inLanguage\":\"ru-RU\",\"potentialAction\":[{\"@type\":\"ReadAction\",\"target\":[\"https:\/\/ungureanu.md\/estetica-dentara\/\"]}]},{\"@type\":\"BreadcrumbList\",\"@id\":\"https:\/\/ungureanu.md\/estetica-dentara\/#breadcrumb\",\"itemListElement\":[{\"@type\":\"ListItem\",\"position\":1,\"name\":\"Home\",\"item\":\"https:\/\/ungureanu.md\/\"},{\"@type\":\"ListItem\",\"position\":2,\"name\":\"Estetic\u0103 dentar\u0103\"}]},{\"@type\":\"WebSite\",\"@id\":\"https:\/\/ungureanu.md\/#website\",\"url\":\"https:\/\/ungureanu.md\/\",\"name\":\"Dr. Ungureanu\",\"description\":\"Clinic\u0103 Stomatologic\u0103 \u00een Chi\u0219in\u0103u\",\"publisher\":{\"@id\":\"https:\/\/ungureanu.md\/#organization\"},\"potentialAction\":[{\"@type\":\"SearchAction\",\"target\":{\"@type\":\"EntryPoint\",\"urlTemplate\":\"https:\/\/ungureanu.md\/?s={search_term_string}\"},\"query-input\":{\"@type\":\"PropertyValueSpecification\",\"valueRequired\":true,\"valueName\":\"search_term_string\"}}],\"inLanguage\":\"ru-RU\"},{\"@type\":\"Organization\",\"@id\":\"https:\/\/ungureanu.md\/#organization\",\"name\":\"Dr. Ungureanu\",\"url\":\"https:\/\/ungureanu.md\/\",\"logo\":{\"@type\":\"ImageObject\",\"inLanguage\":\"ru-RU\",\"@id\":\"https:\/\/ungureanu.md\/#\/schema\/logo\/image\/\",\"url\":\"https:\/\/ungureanu.md\/wp-content\/uploads\/2025\/11\/dr-ungureanu-logo.png\",\"contentUrl\":\"https:\/\/ungureanu.md\/wp-content\/uploads\/2025\/11\/dr-ungureanu-logo.png\",\"width\":900,\"height\":204,\"caption\":\"Dr. Ungureanu\"},\"image\":{\"@id\":\"https:\/\/ungureanu.md\/#\/schema\/logo\/image\/\"},\"sameAs\":[\"https:\/\/www.facebook.com\/ClinicaStomatolodicaDr.Ungureanu\",\"https:\/\/www.instagram.com\/doctorungureanu.md\/\",\"https:\/\/www.tiktok.com\/@doctorungureanu.md\"]}]}<\/script>\n<!-- \/ Yoast SEO plugin. -->","yoast_head_json":{"title":"Estetic\u0103 dentar\u0103 - Dr. Ungureanu","description":"Estetica dentar\u0103 \u00ee\u021bi ofer\u0103 solu\u021bii personalizate pentru din\u021bi mai albi, armonio\u0219i \u0219i un z\u00e2mbet care inspir\u0103 \u00eencredere.","robots":{"index":"index","follow":"follow","max-snippet":"max-snippet:-1","max-image-preview":"max-image-preview:large","max-video-preview":"max-video-preview:-1"},"canonical":"https:\/\/ungureanu.md\/ru\/estetica-dentara\/","og_locale":"ru_RU","og_type":"article","og_title":"Estetic\u0103 dentar\u0103 - Dr. Ungureanu","og_description":"Estetica dentar\u0103 \u00ee\u021bi ofer\u0103 solu\u021bii personalizate pentru din\u021bi mai albi, armonio\u0219i \u0219i un z\u00e2mbet care inspir\u0103 \u00eencredere.","og_url":"https:\/\/ungureanu.md\/ru\/estetica-dentara\/","og_site_name":"Dr. Ungureanu","article_publisher":"https:\/\/www.facebook.com\/ClinicaStomatolodicaDr.Ungureanu","article_modified_time":"2025-11-12T13:48:38+00:00","og_image":[{"width":1200,"height":630,"url":"https:\/\/ungureanu.md\/wp-content\/uploads\/2025\/10\/dr-ungureanu.jpg","type":"image\/jpeg"}],"twitter_card":"summary_large_image","schema":{"@context":"https:\/\/schema.org","@graph":[{"@type":"WebPage","@id":"https:\/\/ungureanu.md\/estetica-dentara\/","url":"https:\/\/ungureanu.md\/estetica-dentara\/","name":"Estetic\u0103 dentar\u0103 - Dr. Ungureanu","isPartOf":{"@id":"https:\/\/ungureanu.md\/#website"},"datePublished":"2025-10-30T13:26:02+00:00","dateModified":"2025-11-12T13:48:38+00:00","description":"Estetica dentar\u0103 \u00ee\u021bi ofer\u0103 solu\u021bii personalizate pentru din\u021bi mai albi, armonio\u0219i \u0219i un z\u00e2mbet care inspir\u0103 \u00eencredere.","breadcrumb":{"@id":"https:\/\/ungureanu.md\/estetica-dentara\/#breadcrumb"},"inLanguage":"ru-RU","potentialAction":[{"@type":"ReadAction","target":["https:\/\/ungureanu.md\/estetica-dentara\/"]}]},{"@type":"BreadcrumbList","@id":"https:\/\/ungureanu.md\/estetica-dentara\/#breadcrumb","itemListElement":[{"@type":"ListItem","position":1,"name":"Home","item":"https:\/\/ungureanu.md\/"},{"@type":"ListItem","position":2,"name":"Estetic\u0103 dentar\u0103"}]},{"@type":"WebSite","@id":"https:\/\/ungureanu.md\/#website","url":"https:\/\/ungureanu.md\/","name":"Dr. Ungureanu","description":"Clinic\u0103 Stomatologic\u0103 \u00een Chi\u0219in\u0103u","publisher":{"@id":"https:\/\/ungureanu.md\/#organization"},"potentialAction":[{"@type":"SearchAction","target":{"@type":"EntryPoint","urlTemplate":"https:\/\/ungureanu.md\/?s={search_term_string}"},"query-input":{"@type":"PropertyValueSpecification","valueRequired":true,"valueName":"search_term_string"}}],"inLanguage":"ru-RU"},{"@type":"Organization","@id":"https:\/\/ungureanu.md\/#organization","name":"Dr. Ungureanu","url":"https:\/\/ungureanu.md\/","logo":{"@type":"ImageObject","inLanguage":"ru-RU","@id":"https:\/\/ungureanu.md\/#\/schema\/logo\/image\/","url":"https:\/\/ungureanu.md\/wp-content\/uploads\/2025\/11\/dr-ungureanu-logo.png","contentUrl":"https:\/\/ungureanu.md\/wp-content\/uploads\/2025\/11\/dr-ungureanu-logo.png","width":900,"height":204,"caption":"Dr. Ungureanu"},"image":{"@id":"https:\/\/ungureanu.md\/#\/schema\/logo\/image\/"},"sameAs":["https:\/\/www.facebook.com\/ClinicaStomatolodicaDr.Ungureanu","https:\/\/www.instagram.com\/doctorungureanu.md\/","https:\/\/www.tiktok.com\/@doctorungureanu.md"]}]}},"_links":{"self":[{"href":"https:\/\/ungureanu.md\/ru\/wp-json\/wp\/v2\/pages\/1178","targetHints":{"allow":["GET"]}}],"collection":[{"href":"https:\/\/ungureanu.md\/ru\/wp-json\/wp\/v2\/pages"}],"about":[{"href":"https:\/\/ungureanu.md\/ru\/wp-json\/wp\/v2\/types\/page"}],"author":[{"embeddable":true,"href":"https:\/\/ungureanu.md\/ru\/wp-json\/wp\/v2\/users\/1"}],"replies":[{"embeddable":true,"href":"https:\/\/ungureanu.md\/ru\/wp-json\/wp\/v2\/comments?post=1178"}],"version-history":[{"count":8,"href":"https:\/\/ungureanu.md\/ru\/wp-json\/wp\/v2\/pages\/1178\/revisions"}],"predecessor-version":[{"id":1238,"href":"https:\/\/ungureanu.md\/ru\/wp-json\/wp\/v2\/pages\/1178\/revisions\/1238"}],"wp:attachment":[{"href":"https:\/\/ungureanu.md\/ru\/wp-json\/wp\/v2\/media?parent=1178"}],"curies":[{"name":"wp","href":"https:\/\/api.w.org\/{rel}","templated":true}]}}